{"id":330,"date":"2024-02-09T11:40:25","date_gmt":"2024-02-09T09:40:25","guid":{"rendered":"https:\/\/www.eujobs.hu\/munkak\/?page_id=330"},"modified":"2024-02-09T11:40:29","modified_gmt":"2024-02-09T09:40:29","slug":"ausztriai-munkalehetosegek-repulogepszerelo","status":"publish","type":"page","link":"https:\/\/www.eujobs.hu\/munkak\/ausztriai-munkalehetosegek-repulogepszerelo\/","title":{"rendered":"Ausztriai munkalehet\u0151s\u00e9gek rep\u00fcl\u0151g\u00e9pszerel\u0151"},"content":{"rendered":"","protected":false},"excerpt":{"rendered":"","protected":false},"author":1,"featured_media":0,"parent":0,"menu_order":0,"comment_status":"closed","ping_status":"closed","template":"","meta":{"inline_featured_image":false,"footnotes":""},"class_list":["post-330","page","type-page","status-publish","hentry"],"_links":{"self":[{"href":"https:\/\/www.eujobs.hu\/munkak\/wp-json\/wp\/v2\/pages\/330","targetHints":{"allow":["GET"]}}],"collection":[{"href":"https:\/\/www.eujobs.hu\/munkak\/wp-json\/wp\/v2\/pages"}],"about":[{"href":"https:\/\/www.eujobs.hu\/munkak\/wp-json\/wp\/v2\/types\/page"}],"author":[{"embeddable":true,"href":"https:\/\/www.eujobs.hu\/munkak\/wp-json\/wp\/v2\/users\/1"}],"replies":[{"embeddable":true,"href":"https:\/\/www.eujobs.hu\/munkak\/wp-json\/wp\/v2\/comments?post=330"}],"version-history":[{"count":1,"href":"https:\/\/www.eujobs.hu\/munkak\/wp-json\/wp\/v2\/pages\/330\/revisions"}],"predecessor-version":[{"id":332,"href":"https:\/\/www.eujobs.hu\/munkak\/wp-json\/wp\/v2\/pages\/330\/revisions\/332"}],"wp:attachment":[{"href":"https:\/\/www.eujobs.hu\/munkak\/wp-json\/wp\/v2\/media?parent=330"}],"curies":[{"name":"wp","href":"https:\/\/api.w.org\/{rel}","templated":true}]}}